{"id":16914,"date":"2022-04-10T16:58:29","date_gmt":"2022-04-10T20:58:29","guid":{"rendered":"https:\/\/cactodigital.com.br\/fournews\/?page_id=16914"},"modified":"2022-05-11T11:38:17","modified_gmt":"2022-05-11T15:38:17","slug":"imprensa","status":"publish","type":"page","link":"https:\/\/cactodigital.com.br\/fournews\/imprensa\/","title":{"rendered":"Imprensa"},"content":{"rendered":"\n<div class=\"wp-block-image\"><figure class=\"alignleft size-full\"><img loading=\"lazy\" decoding=\"async\" width=\"300\" height=\"200\" src=\"https:\/\/cactodigital.com.br\/fournews\/wp-content\/uploads\/2022\/04\/logo3d.png\" alt=\"\" class=\"wp-image-17020\"\/><figcaption>Logo Four News em 3D<\/figcaption><\/figure><\/div>\n\n\n\n<p>O <em>Four News<\/em> \u00e9 um portal de not\u00edcias, que veio suprir a necessidade de uma ferramenta ao alcance do consumidor Sidrolandense. De navega\u00e7\u00e3o simples, \u00e1gil trazendo as melhores informa\u00e7\u00f5es sobre Sidrol\u00e2ndia e regi\u00e3o.<\/p>\n\n\n\n<p>Voc\u00ea, tamb\u00e9m pode encontrar o <em>Four News<\/em> atrav\u00e9s das redes sociais.<\/p>\n\n\n\n<p>Navegue \u00e0 vontade em nosso portal e se sentir a necessidade de nos contatar basta nos enviar uma mensagem atrav\u00e9s de nossa p\u00e1gina de contato ou nossas redes sociais, ficaremos muito felizes em ter sua participa\u00e7\u00e3o conosco.<\/p>\n\n\n\n<p><em>Four News<\/em>, jornalismo imparcial e sem medo.<\/p>\n\n\n<div class=\"mks_separator\" style=\"border-bottom: 1px solid;\"><\/div>\n","protected":false},"excerpt":{"rendered":"<p>O Four News \u00e9 um portal de not\u00edcias, que veio suprir a necessidade de uma ferramenta ao alcance do consumidor Sidrolandense. De navega\u00e7\u00e3o simples, \u00e1gil trazendo as melhores informa\u00e7\u00f5es sobre Sidrol\u00e2ndia e regi\u00e3o. Voc\u00ea, tamb\u00e9m pode encontrar o Four News atrav\u00e9s das redes sociais. Navegue \u00e0 vontade em nosso portal e se sentir a necessidade [&hellip;]<\/p>\n","protected":false},"author":1,"featured_media":0,"parent":0,"menu_order":0,"comment_status":"closed","ping_status":"closed","template":"","meta":{"footnotes":""},"class_list":["post-16914","page","type-page","status-publish","hentry"],"yoast_head":"<!-- This site is optimized with the Yoast SEO plugin v19.6.1 - https:\/\/yoast.com\/wordpress\/plugins\/seo\/ -->\n<title>Imprensa - Four News<\/title>\n<meta name=\"robots\" content=\"index, follow, max-snippet:-1, max-image-preview:large, max-video-preview:-1\" \/>\n<link rel=\"canonical\" href=\"https:\/\/cactodigital.com.br\/fournews\/imprensa\/\" \/>\n<meta property=\"og:locale\" content=\"pt_BR\" \/>\n<meta property=\"og:type\" content=\"article\" \/>\n<meta property=\"og:title\" content=\"Imprensa - Four News\" \/>\n<meta property=\"og:description\" content=\"O Four News \u00e9 um portal de not\u00edcias, que veio suprir a necessidade de uma ferramenta ao alcance do consumidor Sidrolandense. De navega\u00e7\u00e3o simples, \u00e1gil trazendo as melhores informa\u00e7\u00f5es sobre Sidrol\u00e2ndia e regi\u00e3o. Voc\u00ea, tamb\u00e9m pode encontrar o Four News atrav\u00e9s das redes sociais. Navegue \u00e0 vontade em nosso portal e se sentir a necessidade [&hellip;]\" \/>\n<meta property=\"og:url\" content=\"https:\/\/cactodigital.com.br\/fournews\/imprensa\/\" \/>\n<meta property=\"og:site_name\" content=\"Four News\" \/>\n<meta property=\"article:publisher\" content=\"https:\/\/www.facebook.com\/MSNegociosidro\" \/>\n<meta property=\"article:modified_time\" content=\"2022-05-11T15:38:17+00:00\" \/>\n<meta property=\"og:image\" content=\"https:\/\/cactodigital.com.br\/fournews\/wp-content\/uploads\/2022\/04\/logo3d.png\" \/>\n<meta name=\"twitter:card\" content=\"summary_large_image\" \/>\n<meta name=\"twitter:label1\" content=\"Est. tempo de leitura\" \/>\n\t<meta name=\"twitter:data1\" content=\"1 minuto\" \/>\n<script type=\"application\/ld+json\" class=\"yoast-schema-graph\">{\"@context\":\"https:\/\/schema.org\",\"@graph\":[{\"@type\":\"WebPage\",\"@id\":\"https:\/\/cactodigital.com.br\/fournews\/imprensa\/\",\"url\":\"https:\/\/cactodigital.com.br\/fournews\/imprensa\/\",\"name\":\"Imprensa - Four News\",\"isPartOf\":{\"@id\":\"https:\/\/cactodigital.com.br\/fournews\/#website\"},\"datePublished\":\"2022-04-10T20:58:29+00:00\",\"dateModified\":\"2022-05-11T15:38:17+00:00\",\"breadcrumb\":{\"@id\":\"https:\/\/cactodigital.com.br\/fournews\/imprensa\/#breadcrumb\"},\"inLanguage\":\"pt-BR\",\"potentialAction\":[{\"@type\":\"ReadAction\",\"target\":[\"https:\/\/cactodigital.com.br\/fournews\/imprensa\/\"]}]},{\"@type\":\"BreadcrumbList\",\"@id\":\"https:\/\/cactodigital.com.br\/fournews\/imprensa\/#breadcrumb\",\"itemListElement\":[{\"@type\":\"ListItem\",\"position\":1,\"name\":\"In\u00edcio\",\"item\":\"https:\/\/cactodigital.com.br\/fournews\/\"},{\"@type\":\"ListItem\",\"position\":2,\"name\":\"Imprensa\"}]},{\"@type\":\"WebSite\",\"@id\":\"https:\/\/cactodigital.com.br\/fournews\/#website\",\"url\":\"https:\/\/cactodigital.com.br\/fournews\/\",\"name\":\"Four News\",\"description\":\"O portal de not\u00edcias de Sidrol\u00e2ndia - MS\",\"publisher\":{\"@id\":\"https:\/\/cactodigital.com.br\/fournews\/#organization\"},\"potentialAction\":[{\"@type\":\"SearchAction\",\"target\":{\"@type\":\"EntryPoint\",\"urlTemplate\":\"https:\/\/cactodigital.com.br\/fournews\/?s={search_term_string}\"},\"query-input\":\"required name=search_term_string\"}],\"inLanguage\":\"pt-BR\"},{\"@type\":\"Organization\",\"@id\":\"https:\/\/cactodigital.com.br\/fournews\/#organization\",\"name\":\"Four News\",\"url\":\"https:\/\/cactodigital.com.br\/fournews\/\",\"sameAs\":[\"https:\/\/www.instagram.com\/msnegocios\/\",\"https:\/\/www.facebook.com\/MSNegociosidro\"],\"logo\":{\"@type\":\"ImageObject\",\"inLanguage\":\"pt-BR\",\"@id\":\"https:\/\/cactodigital.com.br\/fournews\/#\/schema\/logo\/image\/\",\"url\":\"https:\/\/cactodigital.com.br\/fournews\/wp-content\/uploads\/2022\/04\/logo.png\",\"contentUrl\":\"https:\/\/cactodigital.com.br\/fournews\/wp-content\/uploads\/2022\/04\/logo.png\",\"width\":148,\"height\":36,\"caption\":\"Four News\"},\"image\":{\"@id\":\"https:\/\/cactodigital.com.br\/fournews\/#\/schema\/logo\/image\/\"}}]}<\/script>\n<!-- \/ Yoast SEO plugin. -->","yoast_head_json":{"title":"Imprensa - Four News","robots":{"index":"index","follow":"follow","max-snippet":"max-snippet:-1","max-image-preview":"max-image-preview:large","max-video-preview":"max-video-preview:-1"},"canonical":"https:\/\/cactodigital.com.br\/fournews\/imprensa\/","og_locale":"pt_BR","og_type":"article","og_title":"Imprensa - Four News","og_description":"O Four News \u00e9 um portal de not\u00edcias, que veio suprir a necessidade de uma ferramenta ao alcance do consumidor Sidrolandense. De navega\u00e7\u00e3o simples, \u00e1gil trazendo as melhores informa\u00e7\u00f5es sobre Sidrol\u00e2ndia e regi\u00e3o. Voc\u00ea, tamb\u00e9m pode encontrar o Four News atrav\u00e9s das redes sociais. Navegue \u00e0 vontade em nosso portal e se sentir a necessidade [&hellip;]","og_url":"https:\/\/cactodigital.com.br\/fournews\/imprensa\/","og_site_name":"Four News","article_publisher":"https:\/\/www.facebook.com\/MSNegociosidro","article_modified_time":"2022-05-11T15:38:17+00:00","og_image":[{"url":"https:\/\/cactodigital.com.br\/fournews\/wp-content\/uploads\/2022\/04\/logo3d.png"}],"twitter_card":"summary_large_image","twitter_misc":{"Est. tempo de leitura":"1 minuto"},"schema":{"@context":"https:\/\/schema.org","@graph":[{"@type":"WebPage","@id":"https:\/\/cactodigital.com.br\/fournews\/imprensa\/","url":"https:\/\/cactodigital.com.br\/fournews\/imprensa\/","name":"Imprensa - Four News","isPartOf":{"@id":"https:\/\/cactodigital.com.br\/fournews\/#website"},"datePublished":"2022-04-10T20:58:29+00:00","dateModified":"2022-05-11T15:38:17+00:00","breadcrumb":{"@id":"https:\/\/cactodigital.com.br\/fournews\/imprensa\/#breadcrumb"},"inLanguage":"pt-BR","potentialAction":[{"@type":"ReadAction","target":["https:\/\/cactodigital.com.br\/fournews\/imprensa\/"]}]},{"@type":"BreadcrumbList","@id":"https:\/\/cactodigital.com.br\/fournews\/imprensa\/#breadcrumb","itemListElement":[{"@type":"ListItem","position":1,"name":"In\u00edcio","item":"https:\/\/cactodigital.com.br\/fournews\/"},{"@type":"ListItem","position":2,"name":"Imprensa"}]},{"@type":"WebSite","@id":"https:\/\/cactodigital.com.br\/fournews\/#website","url":"https:\/\/cactodigital.com.br\/fournews\/","name":"Four News","description":"O portal de not\u00edcias de Sidrol\u00e2ndia - MS","publisher":{"@id":"https:\/\/cactodigital.com.br\/fournews\/#organization"},"potentialAction":[{"@type":"SearchAction","target":{"@type":"EntryPoint","urlTemplate":"https:\/\/cactodigital.com.br\/fournews\/?s={search_term_string}"},"query-input":"required name=search_term_string"}],"inLanguage":"pt-BR"},{"@type":"Organization","@id":"https:\/\/cactodigital.com.br\/fournews\/#organization","name":"Four News","url":"https:\/\/cactodigital.com.br\/fournews\/","sameAs":["https:\/\/www.instagram.com\/msnegocios\/","https:\/\/www.facebook.com\/MSNegociosidro"],"logo":{"@type":"ImageObject","inLanguage":"pt-BR","@id":"https:\/\/cactodigital.com.br\/fournews\/#\/schema\/logo\/image\/","url":"https:\/\/cactodigital.com.br\/fournews\/wp-content\/uploads\/2022\/04\/logo.png","contentUrl":"https:\/\/cactodigital.com.br\/fournews\/wp-content\/uploads\/2022\/04\/logo.png","width":148,"height":36,"caption":"Four News"},"image":{"@id":"https:\/\/cactodigital.com.br\/fournews\/#\/schema\/logo\/image\/"}}]}},"_links":{"self":[{"href":"https:\/\/cactodigital.com.br\/fournews\/wp-json\/wp\/v2\/pages\/16914","targetHints":{"allow":["GET"]}}],"collection":[{"href":"https:\/\/cactodigital.com.br\/fournews\/wp-json\/wp\/v2\/pages"}],"about":[{"href":"https:\/\/cactodigital.com.br\/fournews\/wp-json\/wp\/v2\/types\/page"}],"author":[{"embeddable":true,"href":"https:\/\/cactodigital.com.br\/fournews\/wp-json\/wp\/v2\/users\/1"}],"replies":[{"embeddable":true,"href":"https:\/\/cactodigital.com.br\/fournews\/wp-json\/wp\/v2\/comments?post=16914"}],"version-history":[{"count":10,"href":"https:\/\/cactodigital.com.br\/fournews\/wp-json\/wp\/v2\/pages\/16914\/revisions"}],"predecessor-version":[{"id":24609,"href":"https:\/\/cactodigital.com.br\/fournews\/wp-json\/wp\/v2\/pages\/16914\/revisions\/24609"}],"wp:attachment":[{"href":"https:\/\/cactodigital.com.br\/fournews\/wp-json\/wp\/v2\/media?parent=16914"}],"curies":[{"name":"wp","href":"https:\/\/api.w.org\/{rel}","templated":true}]}}