{"id":24569,"date":"2022-06-13T10:57:59","date_gmt":"2022-06-13T14:57:59","guid":{"rendered":"https:\/\/cactodigital.com.br\/fournews\/?page_id=24569"},"modified":"2022-06-13T11:06:27","modified_gmt":"2022-06-13T15:06:27","slug":"sugerir-materia","status":"publish","type":"page","link":"https:\/\/cactodigital.com.br\/fournews\/sugerir-materia\/","title":{"rendered":"Sugerir mat\u00e9ria"},"content":{"rendered":"\n<p>Ol\u00e1, voc\u00ea possui alguma mat\u00e9ria que gostaria que public\u00e1ssemos em nosso site?Envie no formul\u00e1rio sua sugest\u00e3o junto com seus dados que teremos o prazer em analisar sua sugest\u00e3o para podermos public\u00e1-la.<\/p>\n\n\n<div class=\"wpforms-container wpforms-container-full wpcf7\" id=\"wpforms-24572\"><form id=\"wpforms-form-24572\" class=\"wpforms-validate wpforms-form\" data-formid=\"24572\" method=\"post\" enctype=\"multipart\/form-data\" action=\"\/fournews\/wp-json\/wp\/v2\/pages\/24569\" data-token=\"51189a61aa9da3f2339c76219f721a83\"><noscript class=\"wpforms-error-noscript\">Ative o JavaScript no seu navegador para preencher este formul\u00e1rio.<\/noscript><div class=\"wpforms-field-container\"><div id=\"wpforms-24572-field_0-container\" class=\"wpforms-field wpforms-field-name\" data-field-id=\"0\"><label class=\"wpforms-field-label\" for=\"wpforms-24572-field_0\">Seu Nome <span class=\"wpforms-required-label\">*<\/span><\/label><input type=\"text\" id=\"wpforms-24572-field_0\" class=\"wpforms-field-large wpforms-field-required\" name=\"wpforms[fields][0]\" required><\/div><div id=\"wpforms-24572-field_1-container\" class=\"wpforms-field wpforms-field-email\" data-field-id=\"1\"><label class=\"wpforms-field-label\" for=\"wpforms-24572-field_1\">Seu Email <span class=\"wpforms-required-label\">*<\/span><\/label><input type=\"email\" id=\"wpforms-24572-field_1\" class=\"wpforms-field-large wpforms-field-required\" name=\"wpforms[fields][1]\" required><\/div><div id=\"wpforms-24572-field_3-container\" class=\"wpforms-field wpforms-field-text\" data-field-id=\"3\"><label class=\"wpforms-field-label\" for=\"wpforms-24572-field_3\">T\u00edtulo da mat\u00e9ria<\/label><input type=\"text\" id=\"wpforms-24572-field_3\" class=\"wpforms-field-large\" name=\"wpforms[fields][3]\" ><\/div><div id=\"wpforms-24572-field_2-container\" class=\"wpforms-field wpforms-field-textarea\" data-field-id=\"2\"><label class=\"wpforms-field-label\" for=\"wpforms-24572-field_2\">Corpo da mat\u00e9ria <span class=\"wpforms-required-label\">*<\/span><\/label><textarea id=\"wpforms-24572-field_2\" class=\"wpforms-field-medium wpforms-field-required\" name=\"wpforms[fields][2]\" required><\/textarea><\/div><div id=\"wpforms-24572-field_4-container\" class=\"wpforms-field wpforms-field-checkbox wpcf7-list-item wpcf7-list-item-terms wpforms-list-inline\" data-field-id=\"4\"><label class=\"wpforms-field-label wpforms-label-hide\" for=\"wpforms-24572-field_4\">Caixas de marca\u00e7\u00e3o <span class=\"wpforms-required-label\">*<\/span><\/label><ul id=\"wpforms-24572-field_4\" class=\"wpforms-field-required\"><li class=\"choice-1 depth-1\"><input type=\"checkbox\" id=\"wpforms-24572-field_4_1\" name=\"wpforms[fields][4][]\" value=\"Autorizo \u200b\u200bque meus dados sejam armazenados de acordo com a &lt;a href=&quot;\/fournews\/politica-de-privacidade&quot; target=&quot;_blank&quot;&gt;pol\u00edtica de privacidade&lt;\/a&gt;.\" required ><label class=\"wpforms-field-label-inline\" for=\"wpforms-24572-field_4_1\">Autorizo \u200b\u200bque meus dados sejam armazenados de acordo com a <a href=\"\/fournews\/politica-de-privacidade\" target=\"_blank\">pol\u00edtica de privacidade<\/a>.<\/label><\/li><\/ul><\/div><\/div><div class=\"wpforms-field wpforms-field-hp\"><label for=\"wpforms-24572-field-hp\" class=\"wpforms-field-label\">Email<\/label><input type=\"text\" name=\"wpforms[hp]\" id=\"wpforms-24572-field-hp\" class=\"wpforms-field-medium\"><\/div><input type=\"hidden\" name=\"wpforms[recaptcha]\" value=\"\"><div class=\"wpforms-submit-container\"><input type=\"hidden\" name=\"wpforms[id]\" value=\"24572\"><input type=\"hidden\" name=\"wpforms[author]\" value=\"1\"><button type=\"submit\" name=\"wpforms[submit]\" id=\"wpforms-submit-24572\" class=\"wpforms-submit\" data-alt-text=\"Enviando...\" data-submit-text=\"Enviar\" aria-live=\"assertive\" value=\"wpforms-submit\">Enviar<\/button><\/div><\/form><\/div>  <!-- .wpforms-container -->\n","protected":false},"excerpt":{"rendered":"<p>Ol\u00e1, voc\u00ea possui alguma mat\u00e9ria que gostaria que public\u00e1ssemos em nosso site?Envie no formul\u00e1rio sua sugest\u00e3o junto com seus dados que teremos o prazer em analisar sua sugest\u00e3o para podermos public\u00e1-la.<\/p>\n","protected":false},"author":1,"featured_media":0,"parent":0,"menu_order":0,"comment_status":"closed","ping_status":"closed","template":"","meta":{"footnotes":""},"class_list":["post-24569","page","type-page","status-publish","hentry"],"yoast_head":"<!-- This site is optimized with the Yoast SEO plugin v19.6.1 - https:\/\/yoast.com\/wordpress\/plugins\/seo\/ -->\n<title>Sugerir mat\u00e9ria - Four News<\/title>\n<meta name=\"robots\" content=\"index, follow, max-snippet:-1, max-image-preview:large, max-video-preview:-1\" \/>\n<link rel=\"canonical\" href=\"https:\/\/cactodigital.com.br\/fournews\/sugerir-materia\/\" \/>\n<meta property=\"og:locale\" content=\"pt_BR\" \/>\n<meta property=\"og:type\" content=\"article\" \/>\n<meta property=\"og:title\" content=\"Sugerir mat\u00e9ria - Four News\" \/>\n<meta property=\"og:description\" content=\"Ol\u00e1, voc\u00ea possui alguma mat\u00e9ria que gostaria que public\u00e1ssemos em nosso site?Envie no formul\u00e1rio sua sugest\u00e3o junto com seus dados que teremos o prazer em analisar sua sugest\u00e3o para podermos public\u00e1-la.\" \/>\n<meta property=\"og:url\" content=\"https:\/\/cactodigital.com.br\/fournews\/sugerir-materia\/\" \/>\n<meta property=\"og:site_name\" content=\"Four News\" \/>\n<meta property=\"article:publisher\" content=\"https:\/\/www.facebook.com\/MSNegociosidro\" \/>\n<meta property=\"article:modified_time\" content=\"2022-06-13T15:06:27+00:00\" \/>\n<meta name=\"twitter:card\" content=\"summary_large_image\" \/>\n<meta name=\"twitter:label1\" content=\"Est. tempo de leitura\" \/>\n\t<meta name=\"twitter:data1\" content=\"1 minuto\" \/>\n<script type=\"application\/ld+json\" class=\"yoast-schema-graph\">{\"@context\":\"https:\/\/schema.org\",\"@graph\":[{\"@type\":\"WebPage\",\"@id\":\"https:\/\/cactodigital.com.br\/fournews\/sugerir-materia\/\",\"url\":\"https:\/\/cactodigital.com.br\/fournews\/sugerir-materia\/\",\"name\":\"Sugerir mat\u00e9ria - Four News\",\"isPartOf\":{\"@id\":\"https:\/\/cactodigital.com.br\/fournews\/#website\"},\"datePublished\":\"2022-06-13T14:57:59+00:00\",\"dateModified\":\"2022-06-13T15:06:27+00:00\",\"breadcrumb\":{\"@id\":\"https:\/\/cactodigital.com.br\/fournews\/sugerir-materia\/#breadcrumb\"},\"inLanguage\":\"pt-BR\",\"potentialAction\":[{\"@type\":\"ReadAction\",\"target\":[\"https:\/\/cactodigital.com.br\/fournews\/sugerir-materia\/\"]}]},{\"@type\":\"BreadcrumbList\",\"@id\":\"https:\/\/cactodigital.com.br\/fournews\/sugerir-materia\/#breadcrumb\",\"itemListElement\":[{\"@type\":\"ListItem\",\"position\":1,\"name\":\"In\u00edcio\",\"item\":\"https:\/\/cactodigital.com.br\/fournews\/\"},{\"@type\":\"ListItem\",\"position\":2,\"name\":\"Sugerir mat\u00e9ria\"}]},{\"@type\":\"WebSite\",\"@id\":\"https:\/\/cactodigital.com.br\/fournews\/#website\",\"url\":\"https:\/\/cactodigital.com.br\/fournews\/\",\"name\":\"Four News\",\"description\":\"O portal de not\u00edcias de Sidrol\u00e2ndia - MS\",\"publisher\":{\"@id\":\"https:\/\/cactodigital.com.br\/fournews\/#organization\"},\"potentialAction\":[{\"@type\":\"SearchAction\",\"target\":{\"@type\":\"EntryPoint\",\"urlTemplate\":\"https:\/\/cactodigital.com.br\/fournews\/?s={search_term_string}\"},\"query-input\":\"required name=search_term_string\"}],\"inLanguage\":\"pt-BR\"},{\"@type\":\"Organization\",\"@id\":\"https:\/\/cactodigital.com.br\/fournews\/#organization\",\"name\":\"Four News\",\"url\":\"https:\/\/cactodigital.com.br\/fournews\/\",\"sameAs\":[\"https:\/\/www.instagram.com\/msnegocios\/\",\"https:\/\/www.facebook.com\/MSNegociosidro\"],\"logo\":{\"@type\":\"ImageObject\",\"inLanguage\":\"pt-BR\",\"@id\":\"https:\/\/cactodigital.com.br\/fournews\/#\/schema\/logo\/image\/\",\"url\":\"https:\/\/cactodigital.com.br\/fournews\/wp-content\/uploads\/2022\/04\/logo.png\",\"contentUrl\":\"https:\/\/cactodigital.com.br\/fournews\/wp-content\/uploads\/2022\/04\/logo.png\",\"width\":148,\"height\":36,\"caption\":\"Four News\"},\"image\":{\"@id\":\"https:\/\/cactodigital.com.br\/fournews\/#\/schema\/logo\/image\/\"}}]}<\/script>\n<!-- \/ Yoast SEO plugin. -->","yoast_head_json":{"title":"Sugerir mat\u00e9ria - Four News","robots":{"index":"index","follow":"follow","max-snippet":"max-snippet:-1","max-image-preview":"max-image-preview:large","max-video-preview":"max-video-preview:-1"},"canonical":"https:\/\/cactodigital.com.br\/fournews\/sugerir-materia\/","og_locale":"pt_BR","og_type":"article","og_title":"Sugerir mat\u00e9ria - Four News","og_description":"Ol\u00e1, voc\u00ea possui alguma mat\u00e9ria que gostaria que public\u00e1ssemos em nosso site?Envie no formul\u00e1rio sua sugest\u00e3o junto com seus dados que teremos o prazer em analisar sua sugest\u00e3o para podermos public\u00e1-la.","og_url":"https:\/\/cactodigital.com.br\/fournews\/sugerir-materia\/","og_site_name":"Four News","article_publisher":"https:\/\/www.facebook.com\/MSNegociosidro","article_modified_time":"2022-06-13T15:06:27+00:00","twitter_card":"summary_large_image","twitter_misc":{"Est. tempo de leitura":"1 minuto"},"schema":{"@context":"https:\/\/schema.org","@graph":[{"@type":"WebPage","@id":"https:\/\/cactodigital.com.br\/fournews\/sugerir-materia\/","url":"https:\/\/cactodigital.com.br\/fournews\/sugerir-materia\/","name":"Sugerir mat\u00e9ria - Four News","isPartOf":{"@id":"https:\/\/cactodigital.com.br\/fournews\/#website"},"datePublished":"2022-06-13T14:57:59+00:00","dateModified":"2022-06-13T15:06:27+00:00","breadcrumb":{"@id":"https:\/\/cactodigital.com.br\/fournews\/sugerir-materia\/#breadcrumb"},"inLanguage":"pt-BR","potentialAction":[{"@type":"ReadAction","target":["https:\/\/cactodigital.com.br\/fournews\/sugerir-materia\/"]}]},{"@type":"BreadcrumbList","@id":"https:\/\/cactodigital.com.br\/fournews\/sugerir-materia\/#breadcrumb","itemListElement":[{"@type":"ListItem","position":1,"name":"In\u00edcio","item":"https:\/\/cactodigital.com.br\/fournews\/"},{"@type":"ListItem","position":2,"name":"Sugerir mat\u00e9ria"}]},{"@type":"WebSite","@id":"https:\/\/cactodigital.com.br\/fournews\/#website","url":"https:\/\/cactodigital.com.br\/fournews\/","name":"Four News","description":"O portal de not\u00edcias de Sidrol\u00e2ndia - MS","publisher":{"@id":"https:\/\/cactodigital.com.br\/fournews\/#organization"},"potentialAction":[{"@type":"SearchAction","target":{"@type":"EntryPoint","urlTemplate":"https:\/\/cactodigital.com.br\/fournews\/?s={search_term_string}"},"query-input":"required name=search_term_string"}],"inLanguage":"pt-BR"},{"@type":"Organization","@id":"https:\/\/cactodigital.com.br\/fournews\/#organization","name":"Four News","url":"https:\/\/cactodigital.com.br\/fournews\/","sameAs":["https:\/\/www.instagram.com\/msnegocios\/","https:\/\/www.facebook.com\/MSNegociosidro"],"logo":{"@type":"ImageObject","inLanguage":"pt-BR","@id":"https:\/\/cactodigital.com.br\/fournews\/#\/schema\/logo\/image\/","url":"https:\/\/cactodigital.com.br\/fournews\/wp-content\/uploads\/2022\/04\/logo.png","contentUrl":"https:\/\/cactodigital.com.br\/fournews\/wp-content\/uploads\/2022\/04\/logo.png","width":148,"height":36,"caption":"Four News"},"image":{"@id":"https:\/\/cactodigital.com.br\/fournews\/#\/schema\/logo\/image\/"}}]}},"_links":{"self":[{"href":"https:\/\/cactodigital.com.br\/fournews\/wp-json\/wp\/v2\/pages\/24569","targetHints":{"allow":["GET"]}}],"collection":[{"href":"https:\/\/cactodigital.com.br\/fournews\/wp-json\/wp\/v2\/pages"}],"about":[{"href":"https:\/\/cactodigital.com.br\/fournews\/wp-json\/wp\/v2\/types\/page"}],"author":[{"embeddable":true,"href":"https:\/\/cactodigital.com.br\/fournews\/wp-json\/wp\/v2\/users\/1"}],"replies":[{"embeddable":true,"href":"https:\/\/cactodigital.com.br\/fournews\/wp-json\/wp\/v2\/comments?post=24569"}],"version-history":[{"count":2,"href":"https:\/\/cactodigital.com.br\/fournews\/wp-json\/wp\/v2\/pages\/24569\/revisions"}],"predecessor-version":[{"id":24574,"href":"https:\/\/cactodigital.com.br\/fournews\/wp-json\/wp\/v2\/pages\/24569\/revisions\/24574"}],"wp:attachment":[{"href":"https:\/\/cactodigital.com.br\/fournews\/wp-json\/wp\/v2\/media?parent=24569"}],"curies":[{"name":"wp","href":"https:\/\/api.w.org\/{rel}","templated":true}]}}